{"id":40,"date":"2020-09-22T20:17:17","date_gmt":"2020-09-22T23:17:17","guid":{"rendered":"https:\/\/webradio.proex.ufpb.br\/?page_id=40"},"modified":"2023-09-13T18:16:53","modified_gmt":"2023-09-13T21:16:53","slug":"a-radio","status":"publish","type":"page","link":"https:\/\/webradio.proex.ufpb.br\/?page_id=40","title":{"rendered":"A R\u00e1dio"},"content":{"rendered":"<h2>A R\u00c1DIO<\/h2>\n<p>A Web R\u00e1dio de Extens\u00e3o Comunit\u00e1ria \u00e9 um projeto estrat\u00e9gico da Pr\u00f3-reitoria de Extens\u00e3o &#8211; PROEX, idealizado pela COEX em 2017, para atender a quatro prop\u00f3sitos b\u00e1sicos. A saber:<\/p>\n<p>1) Possibilitar a frui\u00e7\u00e3o da produ\u00e7\u00e3o musical autoral, gerada no \u00e2mbito da UFPB, bem como em todo o Estado da Para\u00edba;<\/p>\n<p>2) Ser campo de est\u00e1gio para os alunos do curso de Radialismo;<\/p>\n<p>3) Servir como um espa\u00e7o de experimenta\u00e7\u00e3o e di\u00e1logo dos alunos com a sociedade, contribuindo dessa forma para o bom desempenho do trip\u00e9 ensino, pesquisa e extens\u00e3o da UFPB.<\/p>\n<p>4) Funcionar como um laborat\u00f3rio de empreendedorismo que permita aos alunos vislumbrarem oportunidades empreendedoras na forma de web r\u00e1dio comercial.<\/p>\n<p>A pr\u00e1tica dos alunos se manifestar\u00e1 na forma de produ\u00e7\u00e3o de programas para a veicula\u00e7\u00e3o das realiza\u00e7\u00f5es art\u00edstico-culturais da UFPB e da produ\u00e7\u00e3o no\u00a0\u00e2mbito das a\u00e7\u00f5es de extens\u00e3o da universidade. Podendo assim, informar \u00e0 comunidade acad\u00eamica e \u00e0 sociedade em geral sobre as a\u00e7\u00f5es da Universidade na sociedade. Haver\u00e1 tamb\u00e9m o empenho para a cria\u00e7\u00e3o de uma rede de web r\u00e1dios universit\u00e1rias, tanto no contexto da UFPB como em car\u00e1ter mais amplo como o estadual, regional e nacional, tendo por objetivos principais a forma\u00e7\u00e3o, o amadurecimento e a profissionaliza\u00e7\u00e3o dos alunos, atrav\u00e9s da viv\u00eancia na atua\u00e7\u00e3o em um servi\u00e7o de utilidade p\u00fablica. Para isso o projeto se prop\u00f5e a realizar oficinas de forma\u00e7\u00e3o e produ\u00e7\u00e3o de arquivos de podcasts que possam ser uteis tanto \u00e0 comunidade acad\u00eamica como \u00e0 sociedade.Web<\/p>\n","protected":false},"excerpt":{"rendered":"<p>A R\u00c1DIO A Web R\u00e1dio de Extens\u00e3o Comunit\u00e1ria \u00e9 um projeto estrat\u00e9gico da Pr\u00f3-reitoria de Extens\u00e3o &#8211; PROEX, idealizado pela COEX em 2017, para atender a quatro prop\u00f3sitos b\u00e1sicos. A saber: 1) Possibilitar a frui\u00e7\u00e3o da produ\u00e7\u00e3o musical autoral, gerada no \u00e2mbito da UFPB, bem como em todo o Estado da Para\u00edba; 2) Ser campo &hellip; <\/p>\n<p class=\"link-more\"><a href=\"https:\/\/webradio.proex.ufpb.br\/?page_id=40\" class=\"more-link\">Continue lendo<span class=\"screen-reader-text\"> &#8220;A R\u00e1dio&#8221;<\/span><\/a><\/p>\n","protected":false},"author":1,"featured_media":0,"parent":0,"menu_order":0,"comment_status":"closed","ping_status":"closed","template":"elementor_header_footer","meta":{"footnotes":""},"_links":{"self":[{"href":"https:\/\/webradio.proex.ufpb.br\/index.php?rest_route=\/wp\/v2\/pages\/40"}],"collection":[{"href":"https:\/\/webradio.proex.ufpb.br\/index.php?rest_route=\/wp\/v2\/pages"}],"about":[{"href":"https:\/\/webradio.proex.ufpb.br\/index.php?rest_route=\/wp\/v2\/types\/page"}],"author":[{"embeddable":true,"href":"https:\/\/webradio.proex.ufpb.br\/index.php?rest_route=\/wp\/v2\/users\/1"}],"replies":[{"embeddable":true,"href":"https:\/\/webradio.proex.ufpb.br\/index.php?rest_route=%2Fwp%2Fv2%2Fcomments&post=40"}],"version-history":[{"count":11,"href":"https:\/\/webradio.proex.ufpb.br\/index.php?rest_route=\/wp\/v2\/pages\/40\/revisions"}],"predecessor-version":[{"id":377,"href":"https:\/\/webradio.proex.ufpb.br\/index.php?rest_route=\/wp\/v2\/pages\/40\/revisions\/377"}],"wp:attachment":[{"href":"https:\/\/webradio.proex.ufpb.br\/index.php?rest_route=%2Fwp%2Fv2%2Fmedia&parent=40"}],"curies":[{"name":"wp","href":"https:\/\/api.w.org\/{rel}","templated":true}]}}